{"id":998,"date":"2023-08-08T18:31:12","date_gmt":"2023-08-08T10:31:12","guid":{"rendered":"http:\/\/cn.hanli.cc\/?post_type=product&#038;p=998"},"modified":"2023-08-28T11:01:13","modified_gmt":"2023-08-28T03:01:13","slug":"dw3090t-d-type-iron-pump","status":"publish","type":"product","link":"https:\/\/cn.hanli.cc\/index.php\/en\/product\/dw3090t-d-type-iron-pump\/","title":{"rendered":"DW3090T"},"content":{"rendered":"<table class=\"table\" border=\"0\" width=\"100%\" cellspacing=\"0\" cellpadding=\"0\">\n<tbody>\n<tr>\n<th>MODEL<\/th>\n<th>MOTOR<br \/>\nKW HP<\/th>\n<th>AIR DELIVERY<\/th>\n<th>MAX PRESSURE<\/th>\n<th>CYLINDER<br \/>\nMM<\/th>\n<th>SPEED<br \/>\nR.P.M<\/th>\n<th>WEIGHT<br \/>\nKG<\/th>\n<th>PACKING DIMENSION<br \/>\nMM<\/th>\n<\/tr>\n<tr>\n<td>YF3090AT<\/td>\n<td>7.5KW(10HP)<\/td>\n<td>839L\/min<\/td>\n<td>12 Bar<\/td>\n<td>\u00f890\u00d72&amp;\u00f865\u00d71<\/td>\n<td>880<\/td>\n<td>52kgs<\/td>\n<td>620\u00d7390\u00d7410<\/td>\n<\/tr>\n<\/tbody>\n<\/table>\n","protected":false},"excerpt":{"rendered":"<p>MODEL MOTOR KW HP AI &#8230; <\/p>\n","protected":false},"featured_media":999,"comment_status":"open","ping_status":"closed","template":"","meta":[],"product_cat":[28],"product_tag":[],"class_list":["post-998","product","type-product","status-publish","has-post-thumbnail","hentry","product_cat-air-compressor-pump-head"],"lang":"en","translations":{"zh":1428,"en":998},"pll_sync_post":[],"_links":{"self":[{"href":"https:\/\/cn.hanli.cc\/index.php\/wp-json\/wp\/v2\/product\/998","targetHints":{"allow":["GET"]}}],"collection":[{"href":"https:\/\/cn.hanli.cc\/index.php\/wp-json\/wp\/v2\/product"}],"about":[{"href":"https:\/\/cn.hanli.cc\/index.php\/wp-json\/wp\/v2\/types\/product"}],"replies":[{"embeddable":true,"href":"https:\/\/cn.hanli.cc\/index.php\/wp-json\/wp\/v2\/comments?post=998"}],"wp:featuredmedia":[{"embeddable":true,"href":"https:\/\/cn.hanli.cc\/index.php\/wp-json\/wp\/v2\/media\/999"}],"wp:attachment":[{"href":"https:\/\/cn.hanli.cc\/index.php\/wp-json\/wp\/v2\/media?parent=998"}],"wp:term":[{"taxonomy":"product_cat","embeddable":true,"href":"https:\/\/cn.hanli.cc\/index.php\/wp-json\/wp\/v2\/product_cat?post=998"},{"taxonomy":"product_tag","embeddable":true,"href":"https:\/\/cn.hanli.cc\/index.php\/wp-json\/wp\/v2\/product_tag?post=998"}],"curies":[{"name":"wp","href":"https:\/\/api.w.org\/{rel}","templated":true}]}}