{"id":970,"date":"2023-08-08T18:01:54","date_gmt":"2023-08-08T10:01:54","guid":{"rendered":"http:\/\/cn.hanli.cc\/?post_type=product&#038;p=970"},"modified":"2023-08-28T11:03:16","modified_gmt":"2023-08-28T03:03:16","slug":"yav2105t-ya-type-iron-pump","status":"publish","type":"product","link":"https:\/\/cn.hanli.cc\/index.php\/en\/product\/yav2105t-ya-type-iron-pump\/","title":{"rendered":"YAV2105T"},"content":{"rendered":"<table class=\"table\" border=\"0\" width=\"100%\" cellspacing=\"0\" cellpadding=\"0\">\n<tbody>\n<tr>\n<th>MODEL<\/th>\n<th>MOTOR<br \/>\nKW HP<\/th>\n<th>AIR DELIVERY<\/th>\n<th>MAX PRESSURE<\/th>\n<th>CYLINDER<br \/>\nMM<\/th>\n<th>SPEED<br \/>\nR.P.M<\/th>\n<th>WEIGHT<br \/>\nKG<\/th>\n<th>PACKING DIMENSION<br \/>\nMM<\/th>\n<\/tr>\n<tr>\n<td>YF2105T<\/td>\n<td>7.5KW(10HP)<\/td>\n<td>1170L\/min<\/td>\n<td>12 Bar<\/td>\n<td>\u00f8105\u00d72&amp;\u00f855\u00d72<\/td>\n<td>760<\/td>\n<td>104kgs<\/td>\n<td>590\u00d7554\u00d7595<\/td>\n<\/tr>\n<\/tbody>\n<\/table>\n","protected":false},"excerpt":{"rendered":"<p>MODEL MOTOR KW HP AI &#8230; <\/p>\n","protected":false},"featured_media":971,"comment_status":"open","ping_status":"closed","template":"","meta":[],"product_cat":[28],"product_tag":[],"class_list":["post-970","product","type-product","status-publish","has-post-thumbnail","hentry","product_cat-air-compressor-pump-head"],"lang":"en","translations":{"zh":1451,"en":970},"pll_sync_post":[],"_links":{"self":[{"href":"https:\/\/cn.hanli.cc\/index.php\/wp-json\/wp\/v2\/product\/970","targetHints":{"allow":["GET"]}}],"collection":[{"href":"https:\/\/cn.hanli.cc\/index.php\/wp-json\/wp\/v2\/product"}],"about":[{"href":"https:\/\/cn.hanli.cc\/index.php\/wp-json\/wp\/v2\/types\/product"}],"replies":[{"embeddable":true,"href":"https:\/\/cn.hanli.cc\/index.php\/wp-json\/wp\/v2\/comments?post=970"}],"wp:featuredmedia":[{"embeddable":true,"href":"https:\/\/cn.hanli.cc\/index.php\/wp-json\/wp\/v2\/media\/971"}],"wp:attachment":[{"href":"https:\/\/cn.hanli.cc\/index.php\/wp-json\/wp\/v2\/media?parent=970"}],"wp:term":[{"taxonomy":"product_cat","embeddable":true,"href":"https:\/\/cn.hanli.cc\/index.php\/wp-json\/wp\/v2\/product_cat?post=970"},{"taxonomy":"product_tag","embeddable":true,"href":"https:\/\/cn.hanli.cc\/index.php\/wp-json\/wp\/v2\/product_tag?post=970"}],"curies":[{"name":"wp","href":"https:\/\/api.w.org\/{rel}","templated":true}]}}