{"id":967,"date":"2023-08-08T18:00:58","date_gmt":"2023-08-08T10:00:58","guid":{"rendered":"http:\/\/cn.hanli.cc\/?post_type=product&#038;p=967"},"modified":"2023-08-28T11:03:26","modified_gmt":"2023-08-28T03:03:26","slug":"yah1105t-ya-type-iron-pump","status":"publish","type":"product","link":"https:\/\/cn.hanli.cc\/index.php\/en\/product\/yah1105t-ya-type-iron-pump\/","title":{"rendered":"YAH1105T"},"content":{"rendered":"<table class=\"table\" border=\"0\" width=\"100%\" cellspacing=\"0\" cellpadding=\"0\">\n<tbody>\n<tr>\n<th>MODEL<\/th>\n<th>MOTOR<br \/>\nKW HP<\/th>\n<th>AIR DELIVERY<\/th>\n<th>MAX PRESSURE<\/th>\n<th>CYLINDER<br \/>\nMM<\/th>\n<th>SPEED<br \/>\nR.P.M<\/th>\n<th>WEIGHT<br \/>\nKG<\/th>\n<th>PACKING DIMENSION<br \/>\nMM<\/th>\n<\/tr>\n<tr>\n<td>YF1105T<\/td>\n<td>4KW(5HP)<\/td>\n<td>662L\/min<\/td>\n<td>12 Bar<\/td>\n<td>\u00f8105\u00d71&amp;\u00f855\u00d71<\/td>\n<td>860<\/td>\n<td>49kgs<\/td>\n<td>490\u00d7445\u00d7550<\/td>\n<\/tr>\n<\/tbody>\n<\/table>\n","protected":false},"excerpt":{"rendered":"<p>MODEL MOTOR KW HP AI &#8230; <\/p>\n","protected":false},"featured_media":968,"comment_status":"open","ping_status":"closed","template":"","meta":[],"product_cat":[28],"product_tag":[],"class_list":["post-967","product","type-product","status-publish","has-post-thumbnail","hentry","product_cat-air-compressor-pump-head"],"lang":"en","translations":{"zh":1453,"en":967},"pll_sync_post":[],"_links":{"self":[{"href":"https:\/\/cn.hanli.cc\/index.php\/wp-json\/wp\/v2\/product\/967","targetHints":{"allow":["GET"]}}],"collection":[{"href":"https:\/\/cn.hanli.cc\/index.php\/wp-json\/wp\/v2\/product"}],"about":[{"href":"https:\/\/cn.hanli.cc\/index.php\/wp-json\/wp\/v2\/types\/product"}],"replies":[{"embeddable":true,"href":"https:\/\/cn.hanli.cc\/index.php\/wp-json\/wp\/v2\/comments?post=967"}],"wp:featuredmedia":[{"embeddable":true,"href":"https:\/\/cn.hanli.cc\/index.php\/wp-json\/wp\/v2\/media\/968"}],"wp:attachment":[{"href":"https:\/\/cn.hanli.cc\/index.php\/wp-json\/wp\/v2\/media?parent=967"}],"wp:term":[{"taxonomy":"product_cat","embeddable":true,"href":"https:\/\/cn.hanli.cc\/index.php\/wp-json\/wp\/v2\/product_cat?post=967"},{"taxonomy":"product_tag","embeddable":true,"href":"https:\/\/cn.hanli.cc\/index.php\/wp-json\/wp\/v2\/product_tag?post=967"}],"curies":[{"name":"wp","href":"https:\/\/api.w.org\/{rel}","templated":true}]}}