{"id":965,"date":"2023-08-08T17:59:56","date_gmt":"2023-08-08T09:59:56","guid":{"rendered":"http:\/\/cn.hanli.cc\/?post_type=product&#038;p=965"},"modified":"2023-08-28T11:03:36","modified_gmt":"2023-08-28T03:03:36","slug":"yaw3090t-ya-type-iron-pump","status":"publish","type":"product","link":"https:\/\/cn.hanli.cc\/index.php\/en\/product\/yaw3090t-ya-type-iron-pump\/","title":{"rendered":"YAW3090T"},"content":{"rendered":"<table class=\"table\" border=\"0\" width=\"100%\" cellspacing=\"0\" cellpadding=\"0\">\n<tbody>\n<tr>\n<th>MODEL<\/th>\n<th>MOTOR<br \/>\nKW HP<\/th>\n<th>AIR DELIVERY<\/th>\n<th>MAX PRESSURE<\/th>\n<th>CYLINDER<br \/>\nMM<\/th>\n<th>SPEED<br \/>\nR.P.M<\/th>\n<th>WEIGHT<br \/>\nKG<\/th>\n<th>PACKING DIMENSION<br \/>\nMM<\/th>\n<\/tr>\n<tr>\n<td>YF3090CT<\/td>\n<td>7.5KW(10HP)<\/td>\n<td>662L\/min<\/td>\n<td>12 Bar<\/td>\n<td>\u00f890\u00d72&amp;\u00f865\u00d71<\/td>\n<td>860<\/td>\n<td>41kgs<\/td>\n<td>530\u00d7320\u00d7420<\/td>\n<\/tr>\n<\/tbody>\n<\/table>\n","protected":false},"excerpt":{"rendered":"<p>MODEL MOTOR KW HP AI &#8230; <\/p>\n","protected":false},"featured_media":976,"comment_status":"open","ping_status":"closed","template":"","meta":[],"product_cat":[28],"product_tag":[],"class_list":["post-965","product","type-product","status-publish","has-post-thumbnail","hentry","product_cat-air-compressor-pump-head"],"lang":"en","translations":{"zh":1454,"en":965},"pll_sync_post":[],"_links":{"self":[{"href":"https:\/\/cn.hanli.cc\/index.php\/wp-json\/wp\/v2\/product\/965","targetHints":{"allow":["GET"]}}],"collection":[{"href":"https:\/\/cn.hanli.cc\/index.php\/wp-json\/wp\/v2\/product"}],"about":[{"href":"https:\/\/cn.hanli.cc\/index.php\/wp-json\/wp\/v2\/types\/product"}],"replies":[{"embeddable":true,"href":"https:\/\/cn.hanli.cc\/index.php\/wp-json\/wp\/v2\/comments?post=965"}],"wp:featuredmedia":[{"embeddable":true,"href":"https:\/\/cn.hanli.cc\/index.php\/wp-json\/wp\/v2\/media\/976"}],"wp:attachment":[{"href":"https:\/\/cn.hanli.cc\/index.php\/wp-json\/wp\/v2\/media?parent=965"}],"wp:term":[{"taxonomy":"product_cat","embeddable":true,"href":"https:\/\/cn.hanli.cc\/index.php\/wp-json\/wp\/v2\/product_cat?post=965"},{"taxonomy":"product_tag","embeddable":true,"href":"https:\/\/cn.hanli.cc\/index.php\/wp-json\/wp\/v2\/product_tag?post=965"}],"curies":[{"name":"wp","href":"https:\/\/api.w.org\/{rel}","templated":true}]}}